{"id":2,"date":"2021-09-09T16:49:24","date_gmt":"2021-09-09T16:49:24","guid":{"rendered":"https:\/\/video-mapping.es\/?page_id=2"},"modified":"2023-02-02T07:13:01","modified_gmt":"2023-02-02T07:13:01","slug":"sample-page","status":"publish","type":"page","link":"https:\/\/video-mapping.es\/","title":{"rendered":"Video Mapping"},"content":{"rendered":"\r\n<h2 class=\"page-heading product-listing\"><span class=\"cat-name\">Video Mapping<\/span><\/h2>\r\n\r\n\r\n\r\n<blockquote class=\"wp-block-quote is-layout-flow wp-block-quote-is-layout-flow\">\r\n<p>Somos una empresa conocida por muchos tipos de trabajos relacionados con la organizaci\u00f3n de eventos y la producci\u00f3n audiovisual, pero en los \u00faltimos a\u00f1os ha ganado mucho peso el \u00e1rea de producci\u00f3n de videomapping o mapping para proyecciones sobre elementos corp\u00f3reos de muchos tama\u00f1os distintos y con un dise\u00f1o m\u00e1s original.\u00a0<\/p>\r\n<\/blockquote>\r\n<p><img loading=\"lazy\" decoding=\"async\" class=\"alignnone size-full wp-image-62\" src=\"https:\/\/video-mapping.es\/wp-content\/uploads\/2023\/02\/Espectaculo_de_luz_sobre_la_plaza_de_toros_de_Albacete._Feria_de_Albacete_3.jpg\" alt=\"\" width=\"1296\" height=\"864\" srcset=\"https:\/\/video-mapping.es\/wp-content\/uploads\/2023\/02\/Espectaculo_de_luz_sobre_la_plaza_de_toros_de_Albacete._Feria_de_Albacete_3.jpg 1296w, https:\/\/video-mapping.es\/wp-content\/uploads\/2023\/02\/Espectaculo_de_luz_sobre_la_plaza_de_toros_de_Albacete._Feria_de_Albacete_3-300x200.jpg 300w, https:\/\/video-mapping.es\/wp-content\/uploads\/2023\/02\/Espectaculo_de_luz_sobre_la_plaza_de_toros_de_Albacete._Feria_de_Albacete_3-1024x683.jpg 1024w, https:\/\/video-mapping.es\/wp-content\/uploads\/2023\/02\/Espectaculo_de_luz_sobre_la_plaza_de_toros_de_Albacete._Feria_de_Albacete_3-768x512.jpg 768w, https:\/\/video-mapping.es\/wp-content\/uploads\/2023\/02\/Espectaculo_de_luz_sobre_la_plaza_de_toros_de_Albacete._Feria_de_Albacete_3-1200x800.jpg 1200w\" sizes=\"auto, (max-width: 1296px) 100vw, 1296px\" \/><\/p>\r\n<p>Tenemos lo que buscas con la \u00faltima tecnolog\u00eda.<\/p>\r\n<span class=\"collapseomatic noarrow\" id=\"id69d9be787504f\"  tabindex=\"0\" title=\"Video Mapping\"    >Video Mapping<\/span><div id=\"target-id69d9be787504f\" class=\"collapseomatic_content \">\r\n<p>&nbsp;<\/p>\r\n<\/div>\r\n\r\n\r\n\r\n<p><img loading=\"lazy\" decoding=\"async\" class=\"alignnone size-full wp-image-63\" src=\"https:\/\/video-mapping.es\/wp-content\/uploads\/2023\/02\/que-es-y-como-funciona-el-mapping_0.webp\" alt=\"\" width=\"1000\" height=\"441\" srcset=\"https:\/\/video-mapping.es\/wp-content\/uploads\/2023\/02\/que-es-y-como-funciona-el-mapping_0.webp 1000w, https:\/\/video-mapping.es\/wp-content\/uploads\/2023\/02\/que-es-y-como-funciona-el-mapping_0-300x132.webp 300w, https:\/\/video-mapping.es\/wp-content\/uploads\/2023\/02\/que-es-y-como-funciona-el-mapping_0-768x339.webp 768w\" sizes=\"auto, (max-width: 1000px) 100vw, 1000px\" \/><\/p>\r\n<p><strong>Contacta con nosotros<\/strong><\/p>\r\n\n<div class=\"wpcf7 no-js\" id=\"wpcf7-f33-o1\" lang=\"es-ES\" dir=\"ltr\" data-wpcf7-id=\"33\">\n<div class=\"screen-reader-response\"><p role=\"status\" aria-live=\"polite\" aria-atomic=\"true\"><\/p> <ul><\/ul><\/div>\n<form action=\"\/index.php?rest_route=%2Fwp%2Fv2%2Fpages%2F2#wpcf7-f33-o1\" method=\"post\" class=\"wpcf7-form init\" aria-label=\"Formulario de contacto\" novalidate=\"novalidate\" data-status=\"init\">\n<fieldset class=\"hidden-fields-container\"><input type=\"hidden\" name=\"_wpcf7\" value=\"33\" \/><input type=\"hidden\" name=\"_wpcf7_version\" value=\"6.1.5\" \/><input type=\"hidden\" name=\"_wpcf7_locale\" value=\"es_ES\" \/><input type=\"hidden\" name=\"_wpcf7_unit_tag\" value=\"wpcf7-f33-o1\" \/><input type=\"hidden\" name=\"_wpcf7_container_post\" value=\"0\" \/><input type=\"hidden\" name=\"_wpcf7_posted_data_hash\" value=\"\" \/><input type=\"hidden\" name=\"_wpcf7_recaptcha_response\" value=\"\" \/>\n<\/fieldset>\n<p><label> Tu nombre<br \/>\n<span class=\"wpcf7-form-control-wrap\" data-name=\"your-name\"><input size=\"40\" maxlength=\"400\" class=\"wpcf7-form-control wpcf7-text wpcf7-validates-as-required\" aria-required=\"true\" aria-invalid=\"false\" value=\"\" type=\"text\" name=\"your-name\" \/><\/span> <\/label>\n<\/p>\n<p><label> Tu correo electr\u00f3nico<br \/>\n<span class=\"wpcf7-form-control-wrap\" data-name=\"your-email\"><input size=\"40\" maxlength=\"400\" class=\"wpcf7-form-control wpcf7-email wpcf7-validates-as-required wpcf7-text wpcf7-validates-as-email\" aria-required=\"true\" aria-invalid=\"false\" value=\"\" type=\"email\" name=\"your-email\" \/><\/span> <\/label>\n<\/p>\n<p><label> Asunto<br \/>\n<span class=\"wpcf7-form-control-wrap\" data-name=\"your-subject\"><input size=\"40\" maxlength=\"400\" class=\"wpcf7-form-control wpcf7-text wpcf7-validates-as-required\" aria-required=\"true\" aria-invalid=\"false\" value=\"\" type=\"text\" name=\"your-subject\" \/><\/span> <\/label>\n<\/p>\n<p><label> Tu mensaje (opcional)<br \/>\n<span class=\"wpcf7-form-control-wrap\" data-name=\"your-message\"><textarea cols=\"40\" rows=\"10\" maxlength=\"2000\" class=\"wpcf7-form-control wpcf7-textarea\" aria-invalid=\"false\" name=\"your-message\"><\/textarea><\/span> <\/label>\n<\/p>\n<p><input class=\"wpcf7-form-control wpcf7-submit has-spinner\" type=\"submit\" value=\"Enviar\" \/>\n<\/p><div class=\"wpcf7-response-output\" aria-hidden=\"true\"><\/div>\n<\/form>\n<\/div>\n\r\n","protected":false},"excerpt":{"rendered":"<p>Video Mapping Somos una empresa conocida por muchos tipos de trabajos relacionados con la organizaci\u00f3n de eventos y la producci\u00f3n audiovisual, pero en los \u00faltimos a\u00f1os ha ganado mucho peso el \u00e1rea de producci\u00f3n de videomapping o mapping para proyecciones sobre elementos corp\u00f3reos de muchos tama\u00f1os distintos y con un dise\u00f1o m\u00e1s original.\u00a0 Tenemos lo [&hellip;]<\/p>\n","protected":false},"author":2,"featured_media":62,"parent":0,"menu_order":0,"comment_status":"closed","ping_status":"open","template":"templates\/template-full-width.php","meta":{"footnotes":""},"class_list":["post-2","page","type-page","status-publish","has-post-thumbnail","hentry"],"yoast_head":"<!-- This site is optimized with the Yoast SEO plugin v27.3 - https:\/\/yoast.com\/product\/yoast-seo-wordpress\/ -->\n<title>Video Mapping - Video Mapping<\/title>\n<meta name=\"robots\" content=\"noindex, follow, max-snippet:-1, max-image-preview:large, max-video-preview:-1\" \/>\n<meta property=\"og:locale\" content=\"es_ES\" \/>\n<meta property=\"og:type\" content=\"article\" \/>\n<meta property=\"og:title\" content=\"Video Mapping - Video Mapping\" \/>\n<meta property=\"og:description\" content=\"Video Mapping Somos una empresa conocida por muchos tipos de trabajos relacionados con la organizaci\u00f3n de eventos y la producci\u00f3n audiovisual, pero en los \u00faltimos a\u00f1os ha ganado mucho peso el \u00e1rea de producci\u00f3n de videomapping o mapping para proyecciones sobre elementos corp\u00f3reos de muchos tama\u00f1os distintos y con un dise\u00f1o m\u00e1s original.\u00a0 Tenemos lo [&hellip;]\" \/>\n<meta property=\"og:url\" content=\"https:\/\/video-mapping.es\/\" \/>\n<meta property=\"og:site_name\" content=\"Video Mapping\" \/>\n<meta property=\"article:modified_time\" content=\"2023-02-02T07:13:01+00:00\" \/>\n<meta property=\"og:image\" content=\"https:\/\/video-mapping.es\/wp-content\/uploads\/2023\/02\/Espectaculo_de_luz_sobre_la_plaza_de_toros_de_Albacete._Feria_de_Albacete_3.jpg\" \/>\n\t<meta property=\"og:image:width\" content=\"1296\" \/>\n\t<meta property=\"og:image:height\" content=\"864\" \/>\n\t<meta property=\"og:image:type\" content=\"image\/jpeg\" \/>\n<meta name=\"twitter:card\" content=\"summary_large_image\" \/>\n<meta name=\"twitter:label1\" content=\"Tiempo de lectura\" \/>\n\t<meta name=\"twitter:data1\" content=\"1 minuto\" \/>\n<script type=\"application\/ld+json\" class=\"yoast-schema-graph\">{\"@context\":\"https:\\\/\\\/schema.org\",\"@graph\":[{\"@type\":\"WebPage\",\"@id\":\"https:\\\/\\\/video-mapping.es\\\/\",\"url\":\"https:\\\/\\\/video-mapping.es\\\/\",\"name\":\"Video Mapping - Video Mapping\",\"isPartOf\":{\"@id\":\"https:\\\/\\\/video-mapping.es\\\/#website\"},\"primaryImageOfPage\":{\"@id\":\"https:\\\/\\\/video-mapping.es\\\/#primaryimage\"},\"image\":{\"@id\":\"https:\\\/\\\/video-mapping.es\\\/#primaryimage\"},\"thumbnailUrl\":\"https:\\\/\\\/video-mapping.es\\\/wp-content\\\/uploads\\\/2023\\\/02\\\/Espectaculo_de_luz_sobre_la_plaza_de_toros_de_Albacete._Feria_de_Albacete_3.jpg\",\"datePublished\":\"2021-09-09T16:49:24+00:00\",\"dateModified\":\"2023-02-02T07:13:01+00:00\",\"breadcrumb\":{\"@id\":\"https:\\\/\\\/video-mapping.es\\\/#breadcrumb\"},\"inLanguage\":\"es\",\"potentialAction\":[{\"@type\":\"ReadAction\",\"target\":[\"https:\\\/\\\/video-mapping.es\\\/\"]}]},{\"@type\":\"ImageObject\",\"inLanguage\":\"es\",\"@id\":\"https:\\\/\\\/video-mapping.es\\\/#primaryimage\",\"url\":\"https:\\\/\\\/video-mapping.es\\\/wp-content\\\/uploads\\\/2023\\\/02\\\/Espectaculo_de_luz_sobre_la_plaza_de_toros_de_Albacete._Feria_de_Albacete_3.jpg\",\"contentUrl\":\"https:\\\/\\\/video-mapping.es\\\/wp-content\\\/uploads\\\/2023\\\/02\\\/Espectaculo_de_luz_sobre_la_plaza_de_toros_de_Albacete._Feria_de_Albacete_3.jpg\",\"width\":1296,\"height\":864},{\"@type\":\"BreadcrumbList\",\"@id\":\"https:\\\/\\\/video-mapping.es\\\/#breadcrumb\",\"itemListElement\":[{\"@type\":\"ListItem\",\"position\":1,\"name\":\"Portada\",\"item\":\"https:\\\/\\\/video-mapping.es\\\/\"},{\"@type\":\"ListItem\",\"position\":2,\"name\":\"Video Mapping\"}]},{\"@type\":\"WebSite\",\"@id\":\"https:\\\/\\\/video-mapping.es\\\/#website\",\"url\":\"https:\\\/\\\/video-mapping.es\\\/\",\"name\":\"Video Mapping\",\"description\":\"\",\"potentialAction\":[{\"@type\":\"SearchAction\",\"target\":{\"@type\":\"EntryPoint\",\"urlTemplate\":\"https:\\\/\\\/video-mapping.es\\\/?s={search_term_string}\"},\"query-input\":{\"@type\":\"PropertyValueSpecification\",\"valueRequired\":true,\"valueName\":\"search_term_string\"}}],\"inLanguage\":\"es\"}]}<\/script>\n<!-- \/ Yoast SEO plugin. -->","yoast_head_json":{"title":"Video Mapping - Video Mapping","robots":{"index":"noindex","follow":"follow","max-snippet":"max-snippet:-1","max-image-preview":"max-image-preview:large","max-video-preview":"max-video-preview:-1"},"og_locale":"es_ES","og_type":"article","og_title":"Video Mapping - Video Mapping","og_description":"Video Mapping Somos una empresa conocida por muchos tipos de trabajos relacionados con la organizaci\u00f3n de eventos y la producci\u00f3n audiovisual, pero en los \u00faltimos a\u00f1os ha ganado mucho peso el \u00e1rea de producci\u00f3n de videomapping o mapping para proyecciones sobre elementos corp\u00f3reos de muchos tama\u00f1os distintos y con un dise\u00f1o m\u00e1s original.\u00a0 Tenemos lo [&hellip;]","og_url":"https:\/\/video-mapping.es\/","og_site_name":"Video Mapping","article_modified_time":"2023-02-02T07:13:01+00:00","og_image":[{"width":1296,"height":864,"url":"https:\/\/video-mapping.es\/wp-content\/uploads\/2023\/02\/Espectaculo_de_luz_sobre_la_plaza_de_toros_de_Albacete._Feria_de_Albacete_3.jpg","type":"image\/jpeg"}],"twitter_card":"summary_large_image","twitter_misc":{"Tiempo de lectura":"1 minuto"},"schema":{"@context":"https:\/\/schema.org","@graph":[{"@type":"WebPage","@id":"https:\/\/video-mapping.es\/","url":"https:\/\/video-mapping.es\/","name":"Video Mapping - Video Mapping","isPartOf":{"@id":"https:\/\/video-mapping.es\/#website"},"primaryImageOfPage":{"@id":"https:\/\/video-mapping.es\/#primaryimage"},"image":{"@id":"https:\/\/video-mapping.es\/#primaryimage"},"thumbnailUrl":"https:\/\/video-mapping.es\/wp-content\/uploads\/2023\/02\/Espectaculo_de_luz_sobre_la_plaza_de_toros_de_Albacete._Feria_de_Albacete_3.jpg","datePublished":"2021-09-09T16:49:24+00:00","dateModified":"2023-02-02T07:13:01+00:00","breadcrumb":{"@id":"https:\/\/video-mapping.es\/#breadcrumb"},"inLanguage":"es","potentialAction":[{"@type":"ReadAction","target":["https:\/\/video-mapping.es\/"]}]},{"@type":"ImageObject","inLanguage":"es","@id":"https:\/\/video-mapping.es\/#primaryimage","url":"https:\/\/video-mapping.es\/wp-content\/uploads\/2023\/02\/Espectaculo_de_luz_sobre_la_plaza_de_toros_de_Albacete._Feria_de_Albacete_3.jpg","contentUrl":"https:\/\/video-mapping.es\/wp-content\/uploads\/2023\/02\/Espectaculo_de_luz_sobre_la_plaza_de_toros_de_Albacete._Feria_de_Albacete_3.jpg","width":1296,"height":864},{"@type":"BreadcrumbList","@id":"https:\/\/video-mapping.es\/#breadcrumb","itemListElement":[{"@type":"ListItem","position":1,"name":"Portada","item":"https:\/\/video-mapping.es\/"},{"@type":"ListItem","position":2,"name":"Video Mapping"}]},{"@type":"WebSite","@id":"https:\/\/video-mapping.es\/#website","url":"https:\/\/video-mapping.es\/","name":"Video Mapping","description":"","potentialAction":[{"@type":"SearchAction","target":{"@type":"EntryPoint","urlTemplate":"https:\/\/video-mapping.es\/?s={search_term_string}"},"query-input":{"@type":"PropertyValueSpecification","valueRequired":true,"valueName":"search_term_string"}}],"inLanguage":"es"}]}},"_links":{"self":[{"href":"https:\/\/video-mapping.es\/index.php?rest_route=\/wp\/v2\/pages\/2","targetHints":{"allow":["GET"]}}],"collection":[{"href":"https:\/\/video-mapping.es\/index.php?rest_route=\/wp\/v2\/pages"}],"about":[{"href":"https:\/\/video-mapping.es\/index.php?rest_route=\/wp\/v2\/types\/page"}],"author":[{"embeddable":true,"href":"https:\/\/video-mapping.es\/index.php?rest_route=\/wp\/v2\/users\/2"}],"replies":[{"embeddable":true,"href":"https:\/\/video-mapping.es\/index.php?rest_route=%2Fwp%2Fv2%2Fcomments&post=2"}],"version-history":[{"count":8,"href":"https:\/\/video-mapping.es\/index.php?rest_route=\/wp\/v2\/pages\/2\/revisions"}],"predecessor-version":[{"id":64,"href":"https:\/\/video-mapping.es\/index.php?rest_route=\/wp\/v2\/pages\/2\/revisions\/64"}],"wp:featuredmedia":[{"embeddable":true,"href":"https:\/\/video-mapping.es\/index.php?rest_route=\/wp\/v2\/media\/62"}],"wp:attachment":[{"href":"https:\/\/video-mapping.es\/index.php?rest_route=%2Fwp%2Fv2%2Fmedia&parent=2"}],"curies":[{"name":"wp","href":"https:\/\/api.w.org\/{rel}","templated":true}]}}